{"id":87,"date":"2020-03-28T15:58:02","date_gmt":"2020-03-28T14:58:02","guid":{"rendered":"https:\/\/schwalmhydraulik.de\/relaunch\/?page_id=87"},"modified":"2020-03-28T21:25:25","modified_gmt":"2020-03-28T20:25:25","slug":"wechselsysteme","status":"publish","type":"page","link":"https:\/\/schwalmhydraulik.de\/?page_id=87","title":{"rendered":"Wechselsysteme"},"content":{"rendered":"\t\t<div data-elementor-type=\"wp-page\" data-elementor-id=\"87\" class=\"elementor elementor-87\">\n\t\t\t\t\t\t<section class=\"elementor-section elementor-top-section elementor-element elementor-element-5e4975c elementor-section-boxed elementor-section-height-default elementor-section-height-default\" data-id=\"5e4975c\" data-element_type=\"section\" data-e-type=\"section\">\n\t\t\t\t\t\t<div class=\"elementor-container elementor-column-gap-default\">\n\t\t\t\t\t<div class=\"elementor-column elementor-col-100 elementor-top-column elementor-element elementor-element-6164369\" data-id=\"6164369\" data-element_type=\"column\" data-e-type=\"column\">\n\t\t\t<div class=\"elementor-widget-wrap elementor-element-populated\">\n\t\t\t\t\t\t<div class=\"elementor-element elementor-element-1b9dda4 elementor-widget elementor-widget-heading\" data-id=\"1b9dda4\" data-element_type=\"widget\" data-e-type=\"widget\" data-widget_type=\"heading.default\">\n\t\t\t\t<div class=\"elementor-widget-container\">\n\t\t\t\t\t<h2 class=\"elementor-heading-title elementor-size-default\">Wechselsysteme - Flexibilit\u00e4t nach Ma\u00df<\/h2>\t\t\t\t<\/div>\n\t\t\t\t<\/div>\n\t\t\t\t\t<\/div>\n\t\t<\/div>\n\t\t\t\t\t<\/div>\n\t\t<\/section>\n\t\t\t\t<section class=\"elementor-section elementor-top-section elementor-element elementor-element-ea9f572 elementor-section-boxed elementor-section-height-default elementor-section-height-default\" data-id=\"ea9f572\" data-element_type=\"section\" data-e-type=\"section\">\n\t\t\t\t\t\t<div class=\"elementor-container elementor-column-gap-default\">\n\t\t\t\t\t<div class=\"elementor-column elementor-col-100 elementor-top-column elementor-element elementor-element-2df22bb\" data-id=\"2df22bb\" data-element_type=\"column\" data-e-type=\"column\">\n\t\t\t<div class=\"elementor-widget-wrap elementor-element-populated\">\n\t\t\t\t\t\t<div class=\"elementor-element elementor-element-05c58b8 elementor-widget elementor-widget-text-editor\" data-id=\"05c58b8\" data-element_type=\"widget\" data-e-type=\"widget\" data-widget_type=\"text-editor.default\">\n\t\t\t\t<div class=\"elementor-widget-container\">\n\t\t\t\t\t\t\t\t\t<div class=\"col xsb-12 mb-6\"><div class=\"text-only\"><div class=\"text\"><p>Wechselsysteme, die von uns verbaut werden, erm\u00f6glichen Ihnen ein einfaches, schnelles und sicheres Wechseln unterschiedlichster Aufbauten, wie z. B. Kipper,\u00a0 Asphaltmulden, Absetzkipper, Abrollkipper, Sattelhilfsrahmen, uvm.<\/p><p>Wechselintervalle von nur wenigen Minuten erh\u00f6hen die Flexibilit\u00e4t und Wirtschaftlichkeit und Verringern die Stehzeiten Ihres Fahrzeuges.<\/p><\/div><\/div><\/div><div class=\"col xsb-12 mb-6\"><div class=\"text-only\"><div class=\"text\"><p>Eine intuitive Handhabung sorgt f\u00fcr eine einfache Bedienung.<\/p><\/div><\/div><\/div>\t\t\t\t\t\t\t\t<\/div>\n\t\t\t\t<\/div>\n\t\t\t\t\t<\/div>\n\t\t<\/div>\n\t\t\t\t\t<\/div>\n\t\t<\/section>\n\t\t\t\t<section class=\"elementor-section elementor-top-section elementor-element elementor-element-87493a1 elementor-section-boxed elementor-section-height-default elementor-section-height-default\" data-id=\"87493a1\" data-element_type=\"section\" data-e-type=\"section\">\n\t\t\t\t\t\t<div class=\"elementor-container elementor-column-gap-default\">\n\t\t\t\t\t<div class=\"elementor-column elementor-col-100 elementor-top-column elementor-element elementor-element-c04575d\" data-id=\"c04575d\" data-element_type=\"column\" data-e-type=\"column\">\n\t\t\t<div class=\"elementor-widget-wrap elementor-element-populated\">\n\t\t\t\t\t\t<section class=\"elementor-section elementor-inner-section elementor-element elementor-element-4623d6f elementor-section-boxed elementor-section-height-default elementor-section-height-default\" data-id=\"4623d6f\" data-element_type=\"section\" data-e-type=\"section\">\n\t\t\t\t\t\t<div class=\"elementor-container elementor-column-gap-default\">\n\t\t\t\t\t<div class=\"elementor-column elementor-col-50 elementor-inner-column elementor-element elementor-element-9f9904d\" data-id=\"9f9904d\" data-element_type=\"column\" data-e-type=\"column\">\n\t\t\t<div class=\"elementor-widget-wrap elementor-element-populated\">\n\t\t\t\t\t\t<div class=\"elementor-element elementor-element-c3bcff0 elementor-widget elementor-widget-text-editor\" data-id=\"c3bcff0\" data-element_type=\"widget\" data-e-type=\"widget\" data-widget_type=\"text-editor.default\">\n\t\t\t\t<div class=\"elementor-widget-container\">\n\t\t\t\t\t\t\t\t\t<p>Zu unserem Protfolio geh\u00f6ren verschiedene Aufbauvarianten:<\/p><p>\u00a0<\/p><ul><li>Dreiseitenkipper, Hinterkipper, Asphaltmulden<\/li><li>Hilfsrahmen f\u00fcr Sattelbetrieb<\/li><li>Absetzkipper<\/li><li>Abrollkipper<\/li><li>Winterdienstaufbauten, Salz-\/Solebeh\u00e4lter<\/li><li>Kipper mit Kr\u00e4nen<\/li><li>Wassertanks<\/li><li>Plateau-Aufbauten<\/li><li>uvm<\/li><\/ul>\t\t\t\t\t\t\t\t<\/div>\n\t\t\t\t<\/div>\n\t\t\t\t\t<\/div>\n\t\t<\/div>\n\t\t\t\t<div class=\"elementor-column elementor-col-50 elementor-inner-column elementor-element elementor-element-b004454\" data-id=\"b004454\" data-element_type=\"column\" data-e-type=\"column\">\n\t\t\t<div class=\"elementor-widget-wrap elementor-element-populated\">\n\t\t\t\t\t\t<div class=\"elementor-element elementor-element-5d3b163 elementor-widget elementor-widget-image\" data-id=\"5d3b163\" data-element_type=\"widget\" data-e-type=\"widget\" data-widget_type=\"image.default\">\n\t\t\t\t<div class=\"elementor-widget-container\">\n\t\t\t\t\t\t\t\t\t\t\t\t\t\t\t<img fetchpriority=\"high\" decoding=\"async\" width=\"800\" height=\"551\" src=\"https:\/\/schwalmhydraulik.de\/wp-content\/uploads\/2020\/03\/truck-4276356_1280-1024x705.jpg\" class=\"attachment-large size-large wp-image-93\" alt=\"\" srcset=\"https:\/\/schwalmhydraulik.de\/wp-content\/uploads\/2020\/03\/truck-4276356_1280-1024x705.jpg 1024w, https:\/\/schwalmhydraulik.de\/wp-content\/uploads\/2020\/03\/truck-4276356_1280-300x206.jpg 300w, https:\/\/schwalmhydraulik.de\/wp-content\/uploads\/2020\/03\/truck-4276356_1280-768x529.jpg 768w, https:\/\/schwalmhydraulik.de\/wp-content\/uploads\/2020\/03\/truck-4276356_1280.jpg 1280w\" sizes=\"(max-width: 800px) 100vw, 800px\" \/>\t\t\t\t\t\t\t\t\t\t\t\t\t\t\t<\/div>\n\t\t\t\t<\/div>\n\t\t\t\t\t<\/div>\n\t\t<\/div>\n\t\t\t\t\t<\/div>\n\t\t<\/section>\n\t\t\t\t\t<\/div>\n\t\t<\/div>\n\t\t\t\t\t<\/div>\n\t\t<\/section>\n\t\t\t\t<section class=\"elementor-section elementor-top-section elementor-element elementor-element-b18fe9e elementor-section-boxed elementor-section-height-default elementor-section-height-default\" data-id=\"b18fe9e\" data-element_type=\"section\" data-e-type=\"section\">\n\t\t\t\t\t\t<div class=\"elementor-container elementor-column-gap-default\">\n\t\t\t\t\t<div class=\"elementor-column elementor-col-100 elementor-top-column elementor-element elementor-element-b9003c0\" data-id=\"b9003c0\" data-element_type=\"column\" data-e-type=\"column\">\n\t\t\t<div class=\"elementor-widget-wrap elementor-element-populated\">\n\t\t\t\t\t\t<section class=\"elementor-section elementor-inner-section elementor-element elementor-element-da9d91a elementor-section-boxed elementor-section-height-default elementor-section-height-default\" data-id=\"da9d91a\" data-element_type=\"section\" data-e-type=\"section\">\n\t\t\t\t\t\t<div class=\"elementor-container elementor-column-gap-default\">\n\t\t\t\t\t<div class=\"elementor-column elementor-col-50 elementor-inner-column elementor-element elementor-element-35130aa\" data-id=\"35130aa\" data-element_type=\"column\" data-e-type=\"column\">\n\t\t\t<div class=\"elementor-widget-wrap elementor-element-populated\">\n\t\t\t\t\t\t<div class=\"elementor-element elementor-element-4687dcb elementor-widget elementor-widget-image\" data-id=\"4687dcb\" data-element_type=\"widget\" data-e-type=\"widget\" data-widget_type=\"image.default\">\n\t\t\t\t<div class=\"elementor-widget-container\">\n\t\t\t\t\t\t\t\t\t\t\t\t\t\t\t<img decoding=\"async\" width=\"800\" height=\"450\" src=\"https:\/\/schwalmhydraulik.de\/wp-content\/uploads\/2020\/03\/heavy-machines-2067150_1280-1024x576.jpg\" class=\"attachment-large size-large wp-image-94\" alt=\"\" srcset=\"https:\/\/schwalmhydraulik.de\/wp-content\/uploads\/2020\/03\/heavy-machines-2067150_1280-1024x576.jpg 1024w, https:\/\/schwalmhydraulik.de\/wp-content\/uploads\/2020\/03\/heavy-machines-2067150_1280-300x169.jpg 300w, https:\/\/schwalmhydraulik.de\/wp-content\/uploads\/2020\/03\/heavy-machines-2067150_1280-768x432.jpg 768w, https:\/\/schwalmhydraulik.de\/wp-content\/uploads\/2020\/03\/heavy-machines-2067150_1280.jpg 1280w\" sizes=\"(max-width: 800px) 100vw, 800px\" \/>\t\t\t\t\t\t\t\t\t\t\t\t\t\t\t<\/div>\n\t\t\t\t<\/div>\n\t\t\t\t\t<\/div>\n\t\t<\/div>\n\t\t\t\t<div class=\"elementor-column elementor-col-50 elementor-inner-column elementor-element elementor-element-2abceb8\" data-id=\"2abceb8\" data-element_type=\"column\" data-e-type=\"column\">\n\t\t\t<div class=\"elementor-widget-wrap elementor-element-populated\">\n\t\t\t\t\t\t<div class=\"elementor-element elementor-element-e608251 elementor-widget elementor-widget-image\" data-id=\"e608251\" data-element_type=\"widget\" data-e-type=\"widget\" data-widget_type=\"image.default\">\n\t\t\t\t<div class=\"elementor-widget-container\">\n\t\t\t\t\t\t\t\t\t\t\t\t\t\t\t<img decoding=\"async\" width=\"800\" height=\"450\" src=\"https:\/\/schwalmhydraulik.de\/wp-content\/uploads\/2020\/03\/truck-1978262_1280-1024x576.jpg\" class=\"attachment-large size-large wp-image-96\" alt=\"\" srcset=\"https:\/\/schwalmhydraulik.de\/wp-content\/uploads\/2020\/03\/truck-1978262_1280-1024x576.jpg 1024w, https:\/\/schwalmhydraulik.de\/wp-content\/uploads\/2020\/03\/truck-1978262_1280-300x169.jpg 300w, https:\/\/schwalmhydraulik.de\/wp-content\/uploads\/2020\/03\/truck-1978262_1280-768x432.jpg 768w, https:\/\/schwalmhydraulik.de\/wp-content\/uploads\/2020\/03\/truck-1978262_1280.jpg 1280w\" sizes=\"(max-width: 800px) 100vw, 800px\" \/>\t\t\t\t\t\t\t\t\t\t\t\t\t\t\t<\/div>\n\t\t\t\t<\/div>\n\t\t\t\t\t<\/div>\n\t\t<\/div>\n\t\t\t\t\t<\/div>\n\t\t<\/section>\n\t\t\t\t\t<\/div>\n\t\t<\/div>\n\t\t\t\t\t<\/div>\n\t\t<\/section>\n\t\t\t\t<\/div>\n\t\t","protected":false},"excerpt":{"rendered":"<p>Wechselsysteme &#8211; Flexibilit\u00e4t nach Ma\u00df Wechselsysteme, die von uns verbaut werden, erm\u00f6glichen Ihnen ein einfaches, schnelles und sicheres Wechseln unterschiedlichster Aufbauten, wie z. B. Kipper,\u00a0 Asphaltmulden, Absetzkipper, Abrollkipper, Sattelhilfsrahmen, uvm. &#8230;<\/p>\n","protected":false},"author":1,"featured_media":0,"parent":0,"menu_order":0,"comment_status":"closed","ping_status":"closed","template":"elementor_header_footer","meta":{"footnotes":""},"class_list":["post-87","page","type-page","status-publish","hentry"],"_links":{"self":[{"href":"https:\/\/schwalmhydraulik.de\/index.php?rest_route=\/wp\/v2\/pages\/87","targetHints":{"allow":["GET"]}}],"collection":[{"href":"https:\/\/schwalmhydraulik.de\/index.php?rest_route=\/wp\/v2\/pages"}],"about":[{"href":"https:\/\/schwalmhydraulik.de\/index.php?rest_route=\/wp\/v2\/types\/page"}],"author":[{"embeddable":true,"href":"https:\/\/schwalmhydraulik.de\/index.php?rest_route=\/wp\/v2\/users\/1"}],"replies":[{"embeddable":true,"href":"https:\/\/schwalmhydraulik.de\/index.php?rest_route=%2Fwp%2Fv2%2Fcomments&post=87"}],"version-history":[{"count":7,"href":"https:\/\/schwalmhydraulik.de\/index.php?rest_route=\/wp\/v2\/pages\/87\/revisions"}],"predecessor-version":[{"id":141,"href":"https:\/\/schwalmhydraulik.de\/index.php?rest_route=\/wp\/v2\/pages\/87\/revisions\/141"}],"wp:attachment":[{"href":"https:\/\/schwalmhydraulik.de\/index.php?rest_route=%2Fwp%2Fv2%2Fmedia&parent=87"}],"curies":[{"name":"wp","href":"https:\/\/api.w.org\/{rel}","templated":true}]}}