{"id":39,"date":"2020-02-26T22:29:29","date_gmt":"2020-02-26T21:29:29","guid":{"rendered":"https:\/\/schwalmhydraulik.de\/relaunch\/?page_id=39"},"modified":"2020-03-04T10:52:11","modified_gmt":"2020-03-04T09:52:11","slug":"seite2","status":"publish","type":"page","link":"https:\/\/schwalmhydraulik.de\/?page_id=39","title":{"rendered":"Hydraulik"},"content":{"rendered":"\t\t<div data-elementor-type=\"wp-page\" data-elementor-id=\"39\" class=\"elementor elementor-39\">\n\t\t\t\t\t\t<section class=\"elementor-section elementor-top-section elementor-element elementor-element-a569aa1 elementor-section-boxed elementor-section-height-default elementor-section-height-default\" data-id=\"a569aa1\" data-element_type=\"section\" data-e-type=\"section\">\n\t\t\t\t\t\t<div class=\"elementor-container elementor-column-gap-default\">\n\t\t\t\t\t<div class=\"elementor-column elementor-col-100 elementor-top-column elementor-element elementor-element-65ddcd93\" data-id=\"65ddcd93\" data-element_type=\"column\" data-e-type=\"column\">\n\t\t\t<div class=\"elementor-widget-wrap\">\n\t\t\t\t\t\t\t<\/div>\n\t\t<\/div>\n\t\t\t\t\t<\/div>\n\t\t<\/section>\n\t\t\t\t<section class=\"elementor-section elementor-top-section elementor-element elementor-element-ecca160 elementor-section-boxed elementor-section-height-default elementor-section-height-default\" data-id=\"ecca160\" data-element_type=\"section\" data-e-type=\"section\">\n\t\t\t\t\t\t<div class=\"elementor-container elementor-column-gap-default\">\n\t\t\t\t\t<div class=\"elementor-column elementor-col-100 elementor-top-column elementor-element elementor-element-5051c07\" data-id=\"5051c07\" data-element_type=\"column\" data-e-type=\"column\">\n\t\t\t<div class=\"elementor-widget-wrap elementor-element-populated\">\n\t\t\t\t\t\t<div class=\"elementor-element elementor-element-c406e8f elementor-widget elementor-widget-heading\" data-id=\"c406e8f\" data-element_type=\"widget\" data-e-type=\"widget\" data-widget_type=\"heading.default\">\n\t\t\t\t<div class=\"elementor-widget-container\">\n\t\t\t\t\t<h2 class=\"elementor-heading-title elementor-size-default\">Hydraulik Service und Aufbau<\/h2>\t\t\t\t<\/div>\n\t\t\t\t<\/div>\n\t\t\t\t\t<\/div>\n\t\t<\/div>\n\t\t\t\t\t<\/div>\n\t\t<\/section>\n\t\t\t\t<section class=\"elementor-section elementor-top-section elementor-element elementor-element-c4755ee elementor-section-boxed elementor-section-height-default elementor-section-height-default\" data-id=\"c4755ee\" data-element_type=\"section\" data-e-type=\"section\">\n\t\t\t\t\t\t<div class=\"elementor-container elementor-column-gap-default\">\n\t\t\t\t\t\t<\/div>\n\t\t<\/section>\n\t\t\t\t<section class=\"elementor-section elementor-top-section elementor-element elementor-element-5494b38 elementor-section-boxed elementor-section-height-default elementor-section-height-default\" data-id=\"5494b38\" data-element_type=\"section\" data-e-type=\"section\">\n\t\t\t\t\t\t<div class=\"elementor-container elementor-column-gap-default\">\n\t\t\t\t\t<div class=\"elementor-column elementor-col-100 elementor-top-column elementor-element elementor-element-6fb6e9c\" data-id=\"6fb6e9c\" data-element_type=\"column\" data-e-type=\"column\">\n\t\t\t<div class=\"elementor-widget-wrap elementor-element-populated\">\n\t\t\t\t\t\t<section class=\"elementor-section elementor-inner-section elementor-element elementor-element-1b21844 elementor-section-boxed elementor-section-height-default elementor-section-height-default\" data-id=\"1b21844\" data-element_type=\"section\" data-e-type=\"section\">\n\t\t\t\t\t\t<div class=\"elementor-container elementor-column-gap-default\">\n\t\t\t\t\t<div class=\"elementor-column elementor-col-100 elementor-inner-column elementor-element elementor-element-d043d32\" data-id=\"d043d32\" data-element_type=\"column\" data-e-type=\"column\">\n\t\t\t<div class=\"elementor-widget-wrap elementor-element-populated\">\n\t\t\t\t\t\t<div class=\"elementor-element elementor-element-9fb6de4 elementor-widget elementor-widget-image\" data-id=\"9fb6de4\" data-element_type=\"widget\" data-e-type=\"widget\" data-widget_type=\"image.default\">\n\t\t\t\t<div class=\"elementor-widget-container\">\n\t\t\t\t\t\t\t\t\t\t\t\t\t\t\t<img decoding=\"async\" width=\"300\" height=\"149\" src=\"https:\/\/schwalmhydraulik.de\/wp-content\/uploads\/2020\/03\/Logo-Hyva-300x149-1.png\" class=\"attachment-large size-large wp-image-52\" alt=\"\" \/>\t\t\t\t\t\t\t\t\t\t\t\t\t\t\t<\/div>\n\t\t\t\t<\/div>\n\t\t\t\t\t<\/div>\n\t\t<\/div>\n\t\t\t\t\t<\/div>\n\t\t<\/section>\n\t\t\t\t\t<\/div>\n\t\t<\/div>\n\t\t\t\t<div class=\"elementor-column elementor-col-100 elementor-top-column elementor-element elementor-element-b53ee20\" data-id=\"b53ee20\" data-element_type=\"column\" data-e-type=\"column\">\n\t\t\t<div class=\"elementor-widget-wrap elementor-element-populated\">\n\t\t\t\t\t\t<div class=\"elementor-element elementor-element-499e087 elementor-widget elementor-widget-text-editor\" data-id=\"499e087\" data-element_type=\"widget\" data-e-type=\"widget\" data-widget_type=\"text-editor.default\">\n\t\t\t\t<div class=\"elementor-widget-container\">\n\t\t\t\t\t\t\t\t\t<p>Seit \u00fcber 20 Jahren haben wir durch Erfahrung, Engagement und Zuverl\u00e4ssigkeit das Vertrauen eines gro\u00dfen Kundenstammes erworben.<\/p>\n<p>Hydraulikaufbauten und Reparaturen werden durch unser st\u00e4ndig geschultes Facharbeiter-Team schnell und zuverl\u00e4ssig ausgef\u00fchrt.<\/p>\n<p>Ein reichhaltiges Ersatzteillager erm\u00f6glicht es uns, Ihr Fahrzeug mit relativ kurzen Standzeiten wieder flott zu machen.<\/p>\n<p>Unsere Waren werden von der Firmengruppe Indunorm, einem der gr\u00f6\u00dften H\u00e4ndler f\u00fcr Verbindungselemente in der Hydraulik, bezogen. F\u00fcr den Hydraulikbereich wurden 2 Mitarbeiter eigens bei der Firma Indunorm geschult.<\/p>\n<p>\u00a0<\/p>\t\t\t\t\t\t\t\t<\/div>\n\t\t\t\t<\/div>\n\t\t\t\t\t<\/div>\n\t\t<\/div>\n\t\t\t\t\t<\/div>\n\t\t<\/section>\n\t\t\t\t<section class=\"elementor-section elementor-top-section elementor-element elementor-element-92a07f2 elementor-section-boxed elementor-section-height-default elementor-section-height-default\" data-id=\"92a07f2\" data-element_type=\"section\" data-e-type=\"section\">\n\t\t\t\t\t\t<div class=\"elementor-container elementor-column-gap-default\">\n\t\t\t\t\t<div class=\"elementor-column elementor-col-100 elementor-top-column elementor-element elementor-element-9422c69\" data-id=\"9422c69\" data-element_type=\"column\" data-e-type=\"column\">\n\t\t\t<div class=\"elementor-widget-wrap elementor-element-populated\">\n\t\t\t\t\t\t<section class=\"elementor-section elementor-inner-section elementor-element elementor-element-3415d06 elementor-section-boxed elementor-section-height-default elementor-section-height-default\" data-id=\"3415d06\" data-element_type=\"section\" data-e-type=\"section\">\n\t\t\t\t\t\t<div class=\"elementor-container elementor-column-gap-default\">\n\t\t\t\t\t<div class=\"elementor-column elementor-col-50 elementor-inner-column elementor-element elementor-element-020b874\" data-id=\"020b874\" data-element_type=\"column\" data-e-type=\"column\">\n\t\t\t<div class=\"elementor-widget-wrap elementor-element-populated\">\n\t\t\t\t\t\t<div class=\"elementor-element elementor-element-1a3f7ed elementor-widget elementor-widget-image\" data-id=\"1a3f7ed\" data-element_type=\"widget\" data-e-type=\"widget\" data-widget_type=\"image.default\">\n\t\t\t\t<div class=\"elementor-widget-container\">\n\t\t\t\t\t\t\t\t\t\t\t\t\t\t\t<img fetchpriority=\"high\" decoding=\"async\" width=\"800\" height=\"532\" src=\"https:\/\/schwalmhydraulik.de\/wp-content\/uploads\/2020\/03\/wood-harvester-1581721_1920-1024x681.jpg\" class=\"attachment-large size-large wp-image-66\" alt=\"\" srcset=\"https:\/\/schwalmhydraulik.de\/wp-content\/uploads\/2020\/03\/wood-harvester-1581721_1920-1024x681.jpg 1024w, https:\/\/schwalmhydraulik.de\/wp-content\/uploads\/2020\/03\/wood-harvester-1581721_1920-300x199.jpg 300w, https:\/\/schwalmhydraulik.de\/wp-content\/uploads\/2020\/03\/wood-harvester-1581721_1920-768x510.jpg 768w, https:\/\/schwalmhydraulik.de\/wp-content\/uploads\/2020\/03\/wood-harvester-1581721_1920-1536x1021.jpg 1536w, https:\/\/schwalmhydraulik.de\/wp-content\/uploads\/2020\/03\/wood-harvester-1581721_1920.jpg 1920w\" sizes=\"(max-width: 800px) 100vw, 800px\" \/>\t\t\t\t\t\t\t\t\t\t\t\t\t\t\t<\/div>\n\t\t\t\t<\/div>\n\t\t\t\t\t<\/div>\n\t\t<\/div>\n\t\t\t\t<div class=\"elementor-column elementor-col-50 elementor-inner-column elementor-element elementor-element-011c1c6\" data-id=\"011c1c6\" data-element_type=\"column\" data-e-type=\"column\">\n\t\t\t<div class=\"elementor-widget-wrap elementor-element-populated\">\n\t\t\t\t\t\t<div class=\"elementor-element elementor-element-3f2aae1 elementor-widget elementor-widget-image\" data-id=\"3f2aae1\" data-element_type=\"widget\" data-e-type=\"widget\" data-widget_type=\"image.default\">\n\t\t\t\t<div class=\"elementor-widget-container\">\n\t\t\t\t\t\t\t\t\t\t\t\t\t\t\t<img decoding=\"async\" width=\"800\" height=\"534\" src=\"https:\/\/schwalmhydraulik.de\/wp-content\/uploads\/2020\/03\/site-198414_1920-1024x683.jpg\" class=\"attachment-large size-large wp-image-65\" alt=\"\" srcset=\"https:\/\/schwalmhydraulik.de\/wp-content\/uploads\/2020\/03\/site-198414_1920-1024x683.jpg 1024w, https:\/\/schwalmhydraulik.de\/wp-content\/uploads\/2020\/03\/site-198414_1920-300x200.jpg 300w, https:\/\/schwalmhydraulik.de\/wp-content\/uploads\/2020\/03\/site-198414_1920-768x512.jpg 768w, https:\/\/schwalmhydraulik.de\/wp-content\/uploads\/2020\/03\/site-198414_1920-1536x1024.jpg 1536w, https:\/\/schwalmhydraulik.de\/wp-content\/uploads\/2020\/03\/site-198414_1920.jpg 1920w\" sizes=\"(max-width: 800px) 100vw, 800px\" \/>\t\t\t\t\t\t\t\t\t\t\t\t\t\t\t<\/div>\n\t\t\t\t<\/div>\n\t\t\t\t\t<\/div>\n\t\t<\/div>\n\t\t\t\t\t<\/div>\n\t\t<\/section>\n\t\t\t\t\t<\/div>\n\t\t<\/div>\n\t\t\t\t\t<\/div>\n\t\t<\/section>\n\t\t\t\t<\/div>\n\t\t","protected":false},"excerpt":{"rendered":"<p>Hydraulik Service und Aufbau Seit \u00fcber 20 Jahren haben wir durch Erfahrung, Engagement und Zuverl\u00e4ssigkeit das Vertrauen eines gro\u00dfen Kundenstammes erworben. Hydraulikaufbauten und Reparaturen werden durch unser st\u00e4ndig geschultes Facharbeiter-Team &#8230;<\/p>\n","protected":false},"author":1,"featured_media":0,"parent":0,"menu_order":0,"comment_status":"closed","ping_status":"closed","template":"elementor_header_footer","meta":{"footnotes":""},"class_list":["post-39","page","type-page","status-publish","hentry"],"_links":{"self":[{"href":"https:\/\/schwalmhydraulik.de\/index.php?rest_route=\/wp\/v2\/pages\/39","targetHints":{"allow":["GET"]}}],"collection":[{"href":"https:\/\/schwalmhydraulik.de\/index.php?rest_route=\/wp\/v2\/pages"}],"about":[{"href":"https:\/\/schwalmhydraulik.de\/index.php?rest_route=\/wp\/v2\/types\/page"}],"author":[{"embeddable":true,"href":"https:\/\/schwalmhydraulik.de\/index.php?rest_route=\/wp\/v2\/users\/1"}],"replies":[{"embeddable":true,"href":"https:\/\/schwalmhydraulik.de\/index.php?rest_route=%2Fwp%2Fv2%2Fcomments&post=39"}],"version-history":[{"count":15,"href":"https:\/\/schwalmhydraulik.de\/index.php?rest_route=\/wp\/v2\/pages\/39\/revisions"}],"predecessor-version":[{"id":70,"href":"https:\/\/schwalmhydraulik.de\/index.php?rest_route=\/wp\/v2\/pages\/39\/revisions\/70"}],"wp:attachment":[{"href":"https:\/\/schwalmhydraulik.de\/index.php?rest_route=%2Fwp%2Fv2%2Fmedia&parent=39"}],"curies":[{"name":"wp","href":"https:\/\/api.w.org\/{rel}","templated":true}]}}