{"id":105,"date":"2020-03-28T16:30:34","date_gmt":"2020-03-28T15:30:34","guid":{"rendered":"https:\/\/schwalmhydraulik.de\/relaunch\/?page_id=105"},"modified":"2020-03-28T16:35:49","modified_gmt":"2020-03-28T15:35:49","slug":"ueber-uns","status":"publish","type":"page","link":"https:\/\/schwalmhydraulik.de\/?page_id=105","title":{"rendered":"\u00dcber uns"},"content":{"rendered":"\t\t<div data-elementor-type=\"wp-page\" data-elementor-id=\"105\" class=\"elementor elementor-105\">\n\t\t\t\t\t\t<section class=\"elementor-section elementor-top-section elementor-element elementor-element-6f7444e elementor-section-boxed elementor-section-height-default elementor-section-height-default\" data-id=\"6f7444e\" data-element_type=\"section\" data-e-type=\"section\">\n\t\t\t\t\t\t<div class=\"elementor-container elementor-column-gap-default\">\n\t\t\t\t\t<div class=\"elementor-column elementor-col-100 elementor-top-column elementor-element elementor-element-fd06a92\" data-id=\"fd06a92\" data-element_type=\"column\" data-e-type=\"column\">\n\t\t\t<div class=\"elementor-widget-wrap elementor-element-populated\">\n\t\t\t\t\t\t<div class=\"elementor-element elementor-element-43be95a elementor-widget elementor-widget-heading\" data-id=\"43be95a\" data-element_type=\"widget\" data-e-type=\"widget\" data-widget_type=\"heading.default\">\n\t\t\t\t<div class=\"elementor-widget-container\">\n\t\t\t\t\t<h2 class=\"elementor-heading-title elementor-size-default\">Das sind wir:<\/h2>\t\t\t\t<\/div>\n\t\t\t\t<\/div>\n\t\t\t\t\t<\/div>\n\t\t<\/div>\n\t\t\t\t\t<\/div>\n\t\t<\/section>\n\t\t\t\t<section class=\"elementor-section elementor-top-section elementor-element elementor-element-41aaddf elementor-section-boxed elementor-section-height-default elementor-section-height-default\" data-id=\"41aaddf\" data-element_type=\"section\" data-e-type=\"section\">\n\t\t\t\t\t\t<div class=\"elementor-container elementor-column-gap-default\">\n\t\t\t\t\t<div class=\"elementor-column elementor-col-100 elementor-top-column elementor-element elementor-element-28080c5\" data-id=\"28080c5\" data-element_type=\"column\" data-e-type=\"column\">\n\t\t\t<div class=\"elementor-widget-wrap elementor-element-populated\">\n\t\t\t\t\t\t<section class=\"elementor-section elementor-inner-section elementor-element elementor-element-aa3d438 elementor-section-boxed elementor-section-height-default elementor-section-height-default\" data-id=\"aa3d438\" data-element_type=\"section\" data-e-type=\"section\">\n\t\t\t\t\t\t<div class=\"elementor-container elementor-column-gap-default\">\n\t\t\t\t\t<div class=\"elementor-column elementor-col-50 elementor-inner-column elementor-element elementor-element-58f13db\" data-id=\"58f13db\" data-element_type=\"column\" data-e-type=\"column\">\n\t\t\t<div class=\"elementor-widget-wrap elementor-element-populated\">\n\t\t\t\t\t\t<div class=\"elementor-element elementor-element-979a4f8 elementor-widget elementor-widget-image\" data-id=\"979a4f8\" data-element_type=\"widget\" data-e-type=\"widget\" data-widget_type=\"image.default\">\n\t\t\t\t<div class=\"elementor-widget-container\">\n\t\t\t\t\t\t\t\t\t\t\t\t\t\t\t<img fetchpriority=\"high\" decoding=\"async\" width=\"800\" height=\"266\" src=\"https:\/\/schwalmhydraulik.de\/wp-content\/uploads\/2020\/03\/imprint-2508603_1920-1024x341.jpg\" class=\"attachment-large size-large wp-image-107\" alt=\"\" srcset=\"https:\/\/schwalmhydraulik.de\/wp-content\/uploads\/2020\/03\/imprint-2508603_1920-1024x341.jpg 1024w, https:\/\/schwalmhydraulik.de\/wp-content\/uploads\/2020\/03\/imprint-2508603_1920-300x100.jpg 300w, https:\/\/schwalmhydraulik.de\/wp-content\/uploads\/2020\/03\/imprint-2508603_1920-768x256.jpg 768w, https:\/\/schwalmhydraulik.de\/wp-content\/uploads\/2020\/03\/imprint-2508603_1920-1536x511.jpg 1536w, https:\/\/schwalmhydraulik.de\/wp-content\/uploads\/2020\/03\/imprint-2508603_1920.jpg 1920w\" sizes=\"(max-width: 800px) 100vw, 800px\" \/>\t\t\t\t\t\t\t\t\t\t\t\t\t\t\t<\/div>\n\t\t\t\t<\/div>\n\t\t\t\t\t<\/div>\n\t\t<\/div>\n\t\t\t\t<div class=\"elementor-column elementor-col-50 elementor-inner-column elementor-element elementor-element-09a2a5f\" data-id=\"09a2a5f\" data-element_type=\"column\" data-e-type=\"column\">\n\t\t\t<div class=\"elementor-widget-wrap elementor-element-populated\">\n\t\t\t\t\t\t<div class=\"elementor-element elementor-element-bdf140f elementor-widget elementor-widget-text-editor\" data-id=\"bdf140f\" data-element_type=\"widget\" data-e-type=\"widget\" data-widget_type=\"text-editor.default\">\n\t\t\t\t<div class=\"elementor-widget-container\">\n\t\t\t\t\t\t\t\t\t<p>Die Firma SCHWALM HYDRAULIK GmbH befindet sich in Alsfeld, inmitten von Hessen, direkt an der A5. Als ein mittelst\u00e4ndiges Unternehmen wurde die Firma SCHWALM HYDRAULIK GmbH am 16.4.1998 durch den alleinigen Gesellschafter und Gesch\u00e4ftsf\u00fchrer Rolf Schwalm gegr\u00fcndet.<\/p><p>Das Profil der Firma war zu Beginn durch eine KFZ-Werkstatt f\u00fcr Nutzfahrzeuge gepr\u00e4gt. Zu unserem Kundenstamm z\u00e4hlen Kunden aus der Umgebung rund um Alsfeld.<\/p><p>Durch ein gutes Preis-\/Leistungsverh\u00e4ltnis konnten wir viele Kunden \u00fcber die Grenzen Hessens gewinnen.<\/p><p>Der Dienst am Kunden wird bei uns gro\u00df geschrieben. Der Service erfolgt nicht nur in der Werkstatt. Oft ist es erforderlich, zu unseren Kunden an die betreffenden Pannen-Standorte zu kommen. Dazu stehen uns voll\u00a0 ausgestattete Werkstattwagen zur Verf\u00fcgung.<\/p><p>Konstruktion, Fertigung und Service unterliegen einer stetigen Weiterentwicklung. Um dies unseren Kunden optimal zu garantieren, engagieren sich Fachleute den bereits genannten Gewerken. Durch Schulungen unserer Mitarbeiter sind wir bem\u00fcht unseren Wissensstand zu verbessern. In unserem Hause werden durch die enge Zusammenarbeit mit Pr\u00fcforganisationen alle Pr\u00fcfungen durchgef\u00fchrt.<\/p>\t\t\t\t\t\t\t\t<\/div>\n\t\t\t\t<\/div>\n\t\t\t\t\t<\/div>\n\t\t<\/div>\n\t\t\t\t\t<\/div>\n\t\t<\/section>\n\t\t\t\t<div class=\"elementor-element elementor-element-fa51431 elementor-widget elementor-widget-google_maps\" data-id=\"fa51431\" data-element_type=\"widget\" data-e-type=\"widget\" data-widget_type=\"google_maps.default\">\n\t\t\t\t<div class=\"elementor-widget-container\">\n\t\t\t\t\t\t\t<div class=\"elementor-custom-embed\">\n\t\t\t<iframe loading=\"lazy\"\n\t\t\t\t\tsrc=\"https:\/\/maps.google.com\/maps?q=Jahnstr.%2063%2C%20Alsfeld&#038;t=m&#038;z=10&#038;output=embed&#038;iwloc=near\"\n\t\t\t\t\ttitle=\"Jahnstr. 63, Alsfeld\"\n\t\t\t\t\taria-label=\"Jahnstr. 63, Alsfeld\"\n\t\t\t><\/iframe>\n\t\t<\/div>\n\t\t\t\t\t\t<\/div>\n\t\t\t\t<\/div>\n\t\t\t\t\t<\/div>\n\t\t<\/div>\n\t\t\t\t\t<\/div>\n\t\t<\/section>\n\t\t\t\t<\/div>\n\t\t","protected":false},"excerpt":{"rendered":"<p>Das sind wir: Die Firma SCHWALM HYDRAULIK GmbH befindet sich in Alsfeld, inmitten von Hessen, direkt an der A5. Als ein mittelst\u00e4ndiges Unternehmen wurde die Firma SCHWALM HYDRAULIK GmbH am &#8230;<\/p>\n","protected":false},"author":1,"featured_media":0,"parent":0,"menu_order":0,"comment_status":"closed","ping_status":"closed","template":"elementor_header_footer","meta":{"footnotes":""},"class_list":["post-105","page","type-page","status-publish","hentry"],"_links":{"self":[{"href":"https:\/\/schwalmhydraulik.de\/index.php?rest_route=\/wp\/v2\/pages\/105","targetHints":{"allow":["GET"]}}],"collection":[{"href":"https:\/\/schwalmhydraulik.de\/index.php?rest_route=\/wp\/v2\/pages"}],"about":[{"href":"https:\/\/schwalmhydraulik.de\/index.php?rest_route=\/wp\/v2\/types\/page"}],"author":[{"embeddable":true,"href":"https:\/\/schwalmhydraulik.de\/index.php?rest_route=\/wp\/v2\/users\/1"}],"replies":[{"embeddable":true,"href":"https:\/\/schwalmhydraulik.de\/index.php?rest_route=%2Fwp%2Fv2%2Fcomments&post=105"}],"version-history":[{"count":2,"href":"https:\/\/schwalmhydraulik.de\/index.php?rest_route=\/wp\/v2\/pages\/105\/revisions"}],"predecessor-version":[{"id":109,"href":"https:\/\/schwalmhydraulik.de\/index.php?rest_route=\/wp\/v2\/pages\/105\/revisions\/109"}],"wp:attachment":[{"href":"https:\/\/schwalmhydraulik.de\/index.php?rest_route=%2Fwp%2Fv2%2Fmedia&parent=105"}],"curies":[{"name":"wp","href":"https:\/\/api.w.org\/{rel}","templated":true}]}}